{"id":364,"date":"2025-10-22T09:21:09","date_gmt":"2025-10-22T07:21:09","guid":{"rendered":"https:\/\/lamontandorra.com\/?page_id=364"},"modified":"2025-11-26T09:13:52","modified_gmt":"2025-11-26T08:13:52","slug":"condicions-de-reserva","status":"publish","type":"page","link":"https:\/\/lamontandorra.com\/fr\/condicions-de-reserva\/","title":{"rendered":"Conditions de r\u00e9servation"},"content":{"rendered":"<p class=\" translation-block\">Les tables sont r\u00e9serv\u00e9es pour une dur\u00e9e maximale de <strong>2 heures<\/strong>.<\/p>\n\n\n\n<p class=\" translation-block\">En cas de <strong>retard de plus de 20 minutes<\/strong>, la r\u00e9servation sera automatiquement annul\u00e9e<\/strong>.<\/p>\n\n\n\n<p>Pour <strong>groupes de plus de 9 personnes<\/strong>, il est n\u00e9cessaire <strong>contacter le restaurant<\/strong> pour <strong>WhatsApp (<a href=\"https:\/\/wa.me\/376322373\">+376 322 373<\/a>)<\/strong>.<\/p>\n\n\n\n<p class=\" translation-block\">Le restaurant <strong>ferme ses portes \u00e0 00 h 30<\/strong>. (Il s\u2019agit de l\u2019heure de fermeture du restaurant, pas de la cuisine).<\/p>\n\n\n\n<p><\/p>","protected":false},"excerpt":{"rendered":"<p>Les tables sont r\u00e9serv\u00e9es pour une dur\u00e9e maximale de 2 heures. En cas de retard de plus de 20 minutes, la r\u00e9servation sera automatiquement annul\u00e9e. Pour les groupes de plus de 9 personnes, veuillez contacter le restaurant par WhatsApp au +376 322 373. Le restaurant ferme \u00e0 00h30.<\/p>","protected":false},"author":1,"featured_media":0,"parent":0,"menu_order":0,"comment_status":"closed","ping_status":"closed","template":"","meta":{"footnotes":""},"class_list":["post-364","page","type-page","status-publish","hentry"],"_links":{"self":[{"href":"https:\/\/lamontandorra.com\/fr\/wp-json\/wp\/v2\/pages\/364","targetHints":{"allow":["GET"]}}],"collection":[{"href":"https:\/\/lamontandorra.com\/fr\/wp-json\/wp\/v2\/pages"}],"about":[{"href":"https:\/\/lamontandorra.com\/fr\/wp-json\/wp\/v2\/types\/page"}],"author":[{"embeddable":true,"href":"https:\/\/lamontandorra.com\/fr\/wp-json\/wp\/v2\/users\/1"}],"replies":[{"embeddable":true,"href":"https:\/\/lamontandorra.com\/fr\/wp-json\/wp\/v2\/comments?post=364"}],"version-history":[{"count":3,"href":"https:\/\/lamontandorra.com\/fr\/wp-json\/wp\/v2\/pages\/364\/revisions"}],"predecessor-version":[{"id":408,"href":"https:\/\/lamontandorra.com\/fr\/wp-json\/wp\/v2\/pages\/364\/revisions\/408"}],"wp:attachment":[{"href":"https:\/\/lamontandorra.com\/fr\/wp-json\/wp\/v2\/media?parent=364"}],"curies":[{"name":"wp","href":"https:\/\/api.w.org\/{rel}","templated":true}]}}